{"id":2306,"date":"2021-06-30T09:03:16","date_gmt":"2021-06-30T09:03:16","guid":{"rendered":"https:\/\/arcotransport.ee\/privaatsus-poliitika\/"},"modified":"2025-04-30T10:29:34","modified_gmt":"2025-04-30T10:29:34","slug":"tietosuojakaytanto","status":"publish","type":"page","link":"https:\/\/arcotransport.ee\/fi\/tietosuojakaytanto\/","title":{"rendered":"Tietosuojak\u00e4yt\u00e4nt\u00f6"},"content":{"rendered":"\n<h3 class=\"wp-block-heading\">ARCO TRANSPORT AS:n TIETOSUOJAK\u00c4YT\u00c4NT\u00d6<\/h3>\n\n\n\n<ol class=\"wp-block-list\">\n<li><strong>Keit\u00e4 olemme? <\/strong><\/li>\n<\/ol>\n\n\n\n<p>Arco Transport AS (\u201dMe\u201d) tarjoaa kansainv\u00e4list\u00e4 kuljetuspalvelua.<\/p>\n\n\n\n<p>Asiakkainamme ovat yritykset, jotka tarvitsevat tavaroidensa kuljetukseen maantiekuljetusta, konttikuljetusta, multimodaalista kuljetusta ja\/tai siihen liittyv\u00e4\u00e4 tullipalvelua tai rahtivakuutusta. Harvoin tarjoamme palveluita my\u00f6s luonnollisille henkil\u00f6ille.<\/p>\n\n\n\n<ol class=\"wp-block-list\" start=\"2\">\n<li><strong>Kenen henkil\u00f6tietoja k\u00e4sittelemme? Olemmeko henkil\u00f6tietojen vastuullinen vai valtuutettu k\u00e4sittelij\u00e4?<\/strong><\/li>\n<\/ol>\n\n\n\n<p>K\u00e4sittelemme asiakkaittemme ja yhteisty\u00f6kumppaniemme edustajien henkil\u00f6tietoja, samoin verkkosivustomme kautta meihin yhteytt\u00e4 ottaneiden henkil\u00f6tietoja (\u201dTe\u201d).<\/p>\n\n\n\n<p>Henkil\u00f6tietoja voi k\u00e4sitell\u00e4 joko vastuullisena k\u00e4sittelij\u00e4n\u00e4 tai valtuutettuna k\u00e4sittelij\u00e4n\u00e4. Vastuullinen k\u00e4sittelij\u00e4 m\u00e4\u00e4ritt\u00e4\u00e4 henkil\u00f6tietojen k\u00e4sittelyn tavoitteet ja v\u00e4lineet. Valtuutetun k\u00e4sittelij\u00e4n tulee k\u00e4sitell\u00e4 henkil\u00f6tietoja vastuullisen k\u00e4sittelij\u00e4n kirjallisten ohjeiden mukaisesti.<\/p>\n\n\n\n<p>Me k\u00e4sittelemme henkil\u00f6tietoja sek\u00e4 vastuullisena ett\u00e4 valtuutettuna k\u00e4sittelij\u00e4n\u00e4, jolloin olemme p\u00e4\u00e4asiassa valtuutetun k\u00e4sittelij\u00e4n roolissa.<\/p>\n\n\n\n<p>Vastuullisena k\u00e4sittelij\u00e4n\u00e4 saamme henkil\u00f6tiedot suoraan Teilt\u00e4, kun otatte Meihin yhteytt\u00e4 luonnollisena henkil\u00f6n\u00e4 Meid\u00e4n verkkosivustomme kautta.<\/p>\n\n\n\n<p>Valtuutettuna k\u00e4sittelij\u00e4n\u00e4 saamme henkil\u00f6tiedot asiakkailtamme, jotka ovat oikeushenkil\u00f6it\u00e4, joiden kanssa olemme solmineet sopimuksen palvelun tarjoamisesta. Saadut henkil\u00f6tiedot ovat asiakkaiden (ml. asiakkaiden yhteisty\u00f6kumppanien) edustajien henkil\u00f6tietoja.<\/p>\n\n\n\n<ol class=\"wp-block-list\" start=\"3\">\n<li><strong>Millaisia henkil\u00f6tietoja k\u00e4sittelemme?<\/strong><\/li>\n<\/ol>\n\n\n\n<p>K\u00e4sittelemme henkil\u00f6tietoja mahdollisimman v\u00e4h\u00e4isess\u00e4 m\u00e4\u00e4rin ja ainoastaan tietyll\u00e4 oikeudellisella perusteella (kohta 4).<\/p>\n\n\n\n<p>K\u00e4sittelemme muun muassa seuraavia henkil\u00f6tietoja:<\/p>\n\n\n\n<ul class=\"wp-block-list\">\n<li>henkil\u00f6kohtaisia tietoja, esim. etunimi, sukunimi, henkil\u00f6tunnus, syntym\u00e4aika;<\/li>\n\n\n\n<li>yhteystietoja, esim. osoite, puhelinnumero, s\u00e4hk\u00f6postiosoite;<\/li>\n\n\n\n<li>asiakirjatietoja, ts. tiedot henkil\u00f6llisyystodistuksesta (esim. passin tai ID-kortin kopio, asiakirjan numero, my\u00f6nt\u00e4j\u00e4 ja voimassaoloaika);<\/li>\n<\/ul>\n\n\n\n<ol class=\"wp-block-list\" start=\"4\">\n<li><strong>Miksi k\u00e4sittelemme henkil\u00f6tietoja? Mik\u00e4 on henkil\u00f6tietojen k\u00e4sittelyn oikeudellinen perusta?<\/strong><\/li>\n<\/ol>\n\n\n\n<p>Henkil\u00f6tietojen k\u00e4sittely on osa Meid\u00e4n p\u00e4ivitt\u00e4ist\u00e4 liiketoimintaamme. Me emme tarjoa palvelua anonyymille asiakkaalle ja t\u00e4st\u00e4 syyst\u00e4 tied\u00e4mme, kuka on Meid\u00e4n asiakkaamme ja keit\u00e4 Meid\u00e4n asiakkaamme edustajat ovat.<\/p>\n\n\n\n<p>K\u00e4sittelemme henkil\u00f6tietoja laillisesti ja l\u00e4pin\u00e4kyv\u00e4sti sek\u00e4 sopusoinnussa Virossa voimassa olevan lains\u00e4\u00e4d\u00e4nn\u00f6n vaatimusten kanssa.<\/p>\n\n\n\n<p>K\u00e4sittelemme henkil\u00f6tietoja seuraaviin tarkoituksiin:<\/p>\n\n\n\n<figure class=\"wp-block-table\"><table><tbody><tr><td><strong>J\u00e4rj.nro<\/strong><\/td><td><strong>Henkil\u00f6tietojen k\u00e4sittelyn tavoite<\/strong><\/td><td><strong>Henkil\u00f6tietojen k\u00e4sittelyn oikeudellinen peruste<\/strong><\/td><\/tr><tr><td>1<\/td><td>Palvelun tarjoaminen, neuvottelujen k\u00e4yminen palvelun tarjoamisen ehdoista, ml. hintatarjouksen esitt\u00e4minen, tarjotun palvelun analyysi.<\/td><td>Teid\u00e4n kanssanne solmitun sopimuksen noudattamiseksi.<\/td><\/tr><tr><td>2<\/td><td>Lains\u00e4\u00e4d\u00e4nn\u00f6st\u00e4 seuraavien oikeuksiemme k\u00e4ytt\u00f6 ja velvollisuuksiemme t\u00e4ytt\u00e4minen, ml. kirjanpitovelvollisuuden t\u00e4ytt\u00e4minen.<\/td><td>Teid\u00e4n kanssanne solmitun sopimuksen noudattamiseksi ja Meid\u00e4n juridisen velvollisuutemme t\u00e4ytt\u00e4miseksi.<\/td><\/tr><tr><td>3<\/td><td>Tiedustelujenne ja pyynt\u00f6jenne k\u00e4sittely.<\/td><td>Teid\u00e4n kanssanne solmitun sopimuksen noudattamiseksi ja Meid\u00e4n juridisen velvollisuutemme t\u00e4ytt\u00e4miseksi.<\/td><\/tr><tr><td>4<\/td><td>Viestien toimittamiseen Teille.<\/td><td>Meid\u00e4n oikeutetun intressimme yhteydess\u00e4.<\/td><\/tr><tr><td>5<\/td><td>Teid\u00e4n tiedustelujenne vastaanottamiseen ja k\u00e4sittelyyn, Teid\u00e4n tiedusteluihinne vastaamiseen.<\/td><td>Meid\u00e4n oikeutetun intressimme yhteydess\u00e4.<\/td><\/tr><\/tbody><\/table><\/figure>\n\n\n\n<ol class=\"wp-block-list\" start=\"5\">\n<li><strong>Mit\u00e4 &#8221;ev\u00e4steet&#8221; ovat ja miksi k\u00e4yt\u00e4mme niit\u00e4?<\/strong><\/li>\n<\/ol>\n\n\n\n<p>K\u00e4yt\u00e4mme verkkosivustollamme \u201dev\u00e4steit\u00e4\u201d, joihin voitte suostua, kun p\u00e4\u00e4t\u00e4tte k\u00e4ytt\u00e4\u00e4 Meid\u00e4n verkkosivustoamme. \u201dEv\u00e4steet\u201d ovat pieni\u00e4 tekstitiedostoja, jotka tallentuvat verkkosivustolla k\u00e4vij\u00e4n tietokoneen kovalevylle ja auttavat Meit\u00e4 parantamaan Teille tarjoamiamme verkkosivuston palveluita ja muuttamaan ne Teille mukavammiksi.<\/p>\n\n\n\n<p>Ker\u00e4\u00e4mme tietoja siit\u00e4, miten kommunikoitte Meid\u00e4n verkkosivustomme kanssa. Lis\u00e4ksi voimme ker\u00e4t\u00e4 tietoa Teid\u00e4n tietokoneestanne tai laitteestanne, kuten esimerkiksi IP-osoite, Teid\u00e4n k\u00e4ytt\u00e4m\u00e4nne verkkoselain ja kielis\u00e4\u00e4d\u00f6t. N\u00e4it\u00e4 tietoja k\u00e4yt\u00e4mme tilastollisiin tarkoituksiin verkkosivustomme parantamiseen ja Teille mukautetun sis\u00e4ll\u00f6n esitt\u00e4miseen.<\/p>\n\n\n\n<p>Jos asetatte etusijalle sen, ett\u00e4 Teid\u00e4n henkil\u00f6tietojanne ei verkkosivustolla k\u00e4sitelt\u00e4isi, voitte aktivoida verkkoselaimenne yksityisen selauksen (private browsing) toiminnon.<\/p>\n\n\n\n<ol class=\"wp-block-list\" start=\"6\">\n<li><strong>Millaisia arvoja ja yleisi\u00e4 periaatteita noudatamme henkil\u00f6tietojen k\u00e4sittelyss\u00e4?<\/strong><\/li>\n<\/ol>\n\n\n\n<p><strong>Suojaamme Teid\u00e4n henkil\u00f6tietojanne<\/strong>. Suhtaudumme Teid\u00e4n henkil\u00f6tietoihinne huolellisesti ja teemme parhaamme, ett\u00e4 Teid\u00e4n henkil\u00f6tietonne olisivat suojatut. K\u00e4yt\u00e4mme erilaisia keinoja (fyysisi\u00e4, teknisi\u00e4, hallinnollisia) henkil\u00f6tietojen suojaamiseen laittomalta tai omavaltaiselta h\u00e4vitt\u00e4miselt\u00e4, katoamiselta, muuttamiselta, julkistamiselta, haltuun otolta sek\u00e4 valtuuttamattomalta p\u00e4\u00e4sylt\u00e4 niihin.<\/p>\n\n\n\n<p><strong>Toimimme laillisesti<\/strong>. Meill\u00e4 on Teid\u00e4n henkil\u00f6tietojenne k\u00e4sittelyyn aina olemassa oikeudellinen peruste ja k\u00e4sittelemme Teid\u00e4n henkil\u00f6tietojanne juuri t\u00e4ll\u00e4 perusteella.<\/p>\n\n\n\n<p>L<strong>\u00e4hdemme tavoitteesta<\/strong>. M\u00e4\u00e4rit\u00e4mme henkil\u00f6tietojen k\u00e4sittelylle oikeudellisen tavoitteen ja k\u00e4sittelemme henkil\u00f6tietoja vain t\u00e4ss\u00e4 tarkoituksessa. Kerromme Teille henkil\u00f6tietojen k\u00e4sittelyn tavoitteen selke\u00e4sti ja ymm\u00e4rrett\u00e4v\u00e4sti.<\/p>\n\n\n\n<p><strong>K\u00e4sittelemme henkil\u00f6tietoja minimaalisesti<\/strong>. Ker\u00e4\u00e4mme vain asianmukaisia ja tarvittavia henkil\u00f6tietoja. Henkil\u00f6tietojen ker\u00e4\u00e4misess\u00e4 l\u00e4hdemme henkil\u00f6tietojen k\u00e4sittelyn tavoitteesta, ts. Me emme ker\u00e4\u00e4 enemp\u00e4\u00e4 henkil\u00f6tietoja kuin on tarpeen.<\/p>\n\n\n\n<p>Valits<strong>emme yhteisty\u00f6kumppanimme huolellisesti.<\/strong> Toimitamme henkil\u00f6tietoja valtuutetuille k\u00e4sittelij\u00f6illemme, joiden kanssa olemme ennakolta solmineet tietojenk\u00e4sittelysopimuksen. Vaadimme ja edellyt\u00e4mme sopimuskumppaneiltamme, ett\u00e4 ne ovat henkil\u00f6tietojen k\u00e4sittelyss\u00e4 huolellisia ja eettisi\u00e4 ja huolehtivat henkil\u00f6tietojen turvallisuudesta.<\/p>\n\n\n\n<p><strong>S\u00e4ilytt\u00e4mist\u00e4 koskeva rajoitus<\/strong>. S\u00e4ilyt\u00e4mme henkil\u00f6tietoja vain niin kauan kuin s\u00e4ilytt\u00e4minen on lains\u00e4\u00e4d\u00e4nn\u00f6n tai sopimuksen mukaan tai tietosuojas\u00e4\u00e4nn\u00f6iss\u00e4 m\u00e4\u00e4r\u00e4ttyjen tavoitteiden saavuttamiseksi vaadittavaa. Kiistoihin liittyvi\u00e4 henkil\u00f6tietoja s\u00e4ilyt\u00e4mme vaateen vanhenemiseen saakka. Henkil\u00f6tietojen s\u00e4ilytyst\u00e4 koskevan m\u00e4\u00e4r\u00e4ajan umpeuduttua poistamme henkil\u00f6tiedot lopullisesti.<\/p>\n\n\n\n<ol class=\"wp-block-list\" start=\"7\">\n<li><strong>Millaisia oikeuksia Teill\u00e4 on henkil\u00f6tietojen k\u00e4sittelyyn liittyen??<\/strong><\/li>\n<\/ol>\n\n\n\n<p>Yleinen tietosuoja-asetus antaa Teille laajat oikeudet henkil\u00f6tietoihinne liittyen. Teill\u00e4 on oikeus tutustua henkil\u00f6tietoihin, vaatia niiden korjaamista tai jopa poistamista, rajoittaa henkil\u00f6tietojenne k\u00e4ytt\u00e4mist\u00e4, esitt\u00e4\u00e4 henkil\u00f6tietojen k\u00e4yt\u00f6n osalta vastav\u00e4itteit\u00e4.<\/p>\n\n\n\n<p>Teill\u00e4 on oikeus vaatia henkil\u00f6tietojen siirt\u00e4mist\u00e4, mik\u00e4li se on teknisesti toteutettavissa. Teill\u00e4 on oikeus tiet\u00e4\u00e4, mik\u00e4li Me suoritamme Teid\u00e4n suhteenne automatisoituun k\u00e4sittelyyn perustuvaa p\u00e4\u00e4tt\u00e4mist\u00e4.<\/p>\n\n\n\n<p>Mik\u00e4li Te haluatte k\u00e4ytt\u00e4\u00e4 jotain henkil\u00f6tietojen k\u00e4sittelyyn liittyv\u00e4\u00e4 oikeutta tai Teill\u00e4 on henkil\u00f6tietojen k\u00e4sittely\u00e4 koskeva kysymys, pyyd\u00e4mme l\u00e4hett\u00e4m\u00e4\u00e4n Meille asiaa koskevan s\u00e4hk\u00f6postikirjeen osoitteeseen&nbsp;<a href=\"mailto:info@arcotransport.ee\">info@arcotransport.ee<\/a>&nbsp;. Me vastaamme tavallisesti yhden kuukauden kuluessa ja mik\u00e4li vastaus edellytt\u00e4\u00e4 henkil\u00f6tietojen l\u00e4hett\u00e4mist\u00e4, tarkastamme ennakolta anomuksen esitt\u00e4j\u00e4n henkil\u00f6llisyyden. <\/p>\n\n\n\n<p>Mik\u00e4li Meid\u00e4n antamamme vastaus ei tyydyt\u00e4 Teit\u00e4, voitte aina esitt\u00e4\u00e4 valvontaviranomaiselle valituksen (<a href=\"http:\/\/www.aki.ee\/\">www.aki.ee<\/a>).<\/p>\n\n\n\n<p>Yksityiskohtaisempaa tietoa rekister\u00f6idyn oikeuksista l\u00f6yd\u00e4tte yleisen tietosuoja-asetuksen 3. luvusta.<\/p>\n\n\n\n<ol class=\"wp-block-list\" start=\"8\">\n<li><strong>Mit\u00e4 henkil\u00f6tietojen v\u00e4\u00e4rink\u00e4yt\u00f6n yhteydess\u00e4 voi tehd\u00e4?<\/strong><\/li>\n<\/ol>\n\n\n\n<p>Pyyd\u00e4mme ilmoittamaan Meille v\u00e4litt\u00f6m\u00e4sti Teid\u00e4n tiedossanne olevista henkil\u00f6tietojen k\u00e4sittelyn rikkomuksista tai rikkomisen vaarasta osoitteeseen&nbsp;<a href=\"mailto:info@arcotransport.ee\">info@arcotransport.ee<\/a>. Me suhtaudumme henkil\u00f6tietojen turvallisuusaiheeseen vakavasti ja reagoimme mahdolliseen rikkomistapaukseen v\u00e4litt\u00f6m\u00e4sti.<\/p>\n\n\n\n<ol class=\"wp-block-list\" start=\"9\">\n<li><strong>Miss\u00e4 voimassa oleva Tietosuojak\u00e4yt\u00e4nt\u00f6 on julkaistuna?<\/strong><\/li>\n<\/ol>\n\n\n\n<p>Voimassa oleva Tietosuojak\u00e4yt\u00e4nt\u00f6 on saatavilla Meid\u00e4n verkkosivustollamme&nbsp;<a href=\"https:\/\/arcotransport.ee\/fi\/\">www.arcotransport.ee<\/a>. Pyyd\u00e4mme huomioimaan, ett\u00e4 saatamme ajoittain p\u00e4ivitt\u00e4\u00e4 Tietosuojak\u00e4yt\u00e4nt\u00f6\u00e4mme.<\/p>\n\n\n\n<p>P\u00e4ivitetty: 06.01.2025<\/p>\n\n\n\n<p><\/p>\n\n\n\n<p><\/p>\n\n\n\n<p><\/p>\n\n\n\n<p><\/p>\n\n\n\n<p><\/p>\n\n\n\n<p><\/p>\n\n\n\n<p><\/p>\n\n\n\n<p><\/p>\n","protected":false},"excerpt":{"rendered":"<p>ARCO TRANSPORT AS:n TIETOSUOJAK\u00c4YT\u00c4NT\u00d6 Arco Transport AS (\u201dMe\u201d) tarjoaa kansainv\u00e4list\u00e4 kuljetuspalvelua. Asiakkainamme ovat yritykset, jotka tarvitsevat tavaroidensa kuljetukseen maantiekuljetusta, konttikuljetusta, multimodaalista kuljetusta ja\/tai siihen liittyv\u00e4\u00e4 tullipalvelua tai rahtivakuutusta. Harvoin tarjoamme palveluita my\u00f6s luonnollisille henkil\u00f6ille. K\u00e4sittelemme asiakkaittemme ja yhteisty\u00f6kumppaniemme edustajien henkil\u00f6tietoja, samoin verkkosivustomme kautta meihin yhteytt\u00e4 ottaneiden henkil\u00f6tietoja (\u201dTe\u201d). Henkil\u00f6tietoja voi k\u00e4sitell\u00e4 joko vastuullisena k\u00e4sittelij\u00e4n\u00e4 tai [&hellip;]<\/p>\n","protected":false},"author":1,"featured_media":0,"parent":0,"menu_order":0,"comment_status":"closed","ping_status":"closed","template":"","meta":{"_acf_changed":false,"footnotes":""},"class_list":["post-2306","page","type-page","status-publish","hentry"],"acf":[],"yoast_head":"<!-- This site is optimized with the Yoast SEO plugin v27.3 - https:\/\/yoast.com\/product\/yoast-seo-wordpress\/ -->\n<title>Tietosuojak\u00e4yt\u00e4nt\u00f6 - Arco Transport<\/title>\n<meta name=\"robots\" content=\"index, follow, max-snippet:-1, max-image-preview:large, max-video-preview:-1\" \/>\n<link rel=\"canonical\" href=\"https:\/\/arcotransport.ee\/fi\/tietosuojakaytanto\/\" \/>\n<meta property=\"og:locale\" content=\"fi_FI\" \/>\n<meta property=\"og:type\" content=\"article\" \/>\n<meta property=\"og:title\" content=\"Tietosuojak\u00e4yt\u00e4nt\u00f6 - Arco Transport\" \/>\n<meta property=\"og:description\" content=\"ARCO TRANSPORT AS:n TIETOSUOJAK\u00c4YT\u00c4NT\u00d6 Arco Transport AS (\u201dMe\u201d) tarjoaa kansainv\u00e4list\u00e4 kuljetuspalvelua. Asiakkainamme ovat yritykset, jotka tarvitsevat tavaroidensa kuljetukseen maantiekuljetusta, konttikuljetusta, multimodaalista kuljetusta ja\/tai siihen liittyv\u00e4\u00e4 tullipalvelua tai rahtivakuutusta. Harvoin tarjoamme palveluita my\u00f6s luonnollisille henkil\u00f6ille. K\u00e4sittelemme asiakkaittemme ja yhteisty\u00f6kumppaniemme edustajien henkil\u00f6tietoja, samoin verkkosivustomme kautta meihin yhteytt\u00e4 ottaneiden henkil\u00f6tietoja (\u201dTe\u201d). Henkil\u00f6tietoja voi k\u00e4sitell\u00e4 joko vastuullisena k\u00e4sittelij\u00e4n\u00e4 tai [&hellip;]\" \/>\n<meta property=\"og:url\" content=\"https:\/\/arcotransport.ee\/fi\/tietosuojakaytanto\/\" \/>\n<meta property=\"og:site_name\" content=\"Arco Transport\" \/>\n<meta property=\"article:modified_time\" content=\"2025-04-30T10:29:34+00:00\" \/>\n<meta name=\"twitter:card\" content=\"summary_large_image\" \/>\n<meta name=\"twitter:label1\" content=\"Arvioitu lukuaika\" \/>\n\t<meta name=\"twitter:data1\" content=\"5 minuuttia\" \/>\n<script type=\"application\/ld+json\" class=\"yoast-schema-graph\">{\"@context\":\"https:\\\/\\\/schema.org\",\"@graph\":[{\"@type\":\"WebPage\",\"@id\":\"https:\\\/\\\/arcotransport.ee\\\/fi\\\/tietosuojakaytanto\\\/\",\"url\":\"https:\\\/\\\/arcotransport.ee\\\/fi\\\/tietosuojakaytanto\\\/\",\"name\":\"Tietosuojak\u00e4yt\u00e4nt\u00f6 - Arco Transport\",\"isPartOf\":{\"@id\":\"https:\\\/\\\/arcotransport.ee\\\/#website\"},\"datePublished\":\"2021-06-30T09:03:16+00:00\",\"dateModified\":\"2025-04-30T10:29:34+00:00\",\"breadcrumb\":{\"@id\":\"https:\\\/\\\/arcotransport.ee\\\/fi\\\/tietosuojakaytanto\\\/#breadcrumb\"},\"inLanguage\":\"fi\",\"potentialAction\":[{\"@type\":\"ReadAction\",\"target\":[\"https:\\\/\\\/arcotransport.ee\\\/fi\\\/tietosuojakaytanto\\\/\"]}]},{\"@type\":\"BreadcrumbList\",\"@id\":\"https:\\\/\\\/arcotransport.ee\\\/fi\\\/tietosuojakaytanto\\\/#breadcrumb\",\"itemListElement\":[{\"@type\":\"ListItem\",\"position\":1,\"name\":\"Home\",\"item\":\"https:\\\/\\\/arcotransport.ee\\\/fi\\\/\"},{\"@type\":\"ListItem\",\"position\":2,\"name\":\"Tietosuojak\u00e4yt\u00e4nt\u00f6\"}]},{\"@type\":\"WebSite\",\"@id\":\"https:\\\/\\\/arcotransport.ee\\\/#website\",\"url\":\"https:\\\/\\\/arcotransport.ee\\\/\",\"name\":\"Arco Transport\",\"description\":\"Rahvusvaheline transport uksest-ukseni\",\"potentialAction\":[{\"@type\":\"SearchAction\",\"target\":{\"@type\":\"EntryPoint\",\"urlTemplate\":\"https:\\\/\\\/arcotransport.ee\\\/?s={search_term_string}\"},\"query-input\":{\"@type\":\"PropertyValueSpecification\",\"valueRequired\":true,\"valueName\":\"search_term_string\"}}],\"inLanguage\":\"fi\"}]}<\/script>\n<!-- \/ Yoast SEO plugin. -->","yoast_head_json":{"title":"Tietosuojak\u00e4yt\u00e4nt\u00f6 - Arco Transport","robots":{"index":"index","follow":"follow","max-snippet":"max-snippet:-1","max-image-preview":"max-image-preview:large","max-video-preview":"max-video-preview:-1"},"canonical":"https:\/\/arcotransport.ee\/fi\/tietosuojakaytanto\/","og_locale":"fi_FI","og_type":"article","og_title":"Tietosuojak\u00e4yt\u00e4nt\u00f6 - Arco Transport","og_description":"ARCO TRANSPORT AS:n TIETOSUOJAK\u00c4YT\u00c4NT\u00d6 Arco Transport AS (\u201dMe\u201d) tarjoaa kansainv\u00e4list\u00e4 kuljetuspalvelua. Asiakkainamme ovat yritykset, jotka tarvitsevat tavaroidensa kuljetukseen maantiekuljetusta, konttikuljetusta, multimodaalista kuljetusta ja\/tai siihen liittyv\u00e4\u00e4 tullipalvelua tai rahtivakuutusta. Harvoin tarjoamme palveluita my\u00f6s luonnollisille henkil\u00f6ille. K\u00e4sittelemme asiakkaittemme ja yhteisty\u00f6kumppaniemme edustajien henkil\u00f6tietoja, samoin verkkosivustomme kautta meihin yhteytt\u00e4 ottaneiden henkil\u00f6tietoja (\u201dTe\u201d). Henkil\u00f6tietoja voi k\u00e4sitell\u00e4 joko vastuullisena k\u00e4sittelij\u00e4n\u00e4 tai [&hellip;]","og_url":"https:\/\/arcotransport.ee\/fi\/tietosuojakaytanto\/","og_site_name":"Arco Transport","article_modified_time":"2025-04-30T10:29:34+00:00","twitter_card":"summary_large_image","twitter_misc":{"Arvioitu lukuaika":"5 minuuttia"},"schema":{"@context":"https:\/\/schema.org","@graph":[{"@type":"WebPage","@id":"https:\/\/arcotransport.ee\/fi\/tietosuojakaytanto\/","url":"https:\/\/arcotransport.ee\/fi\/tietosuojakaytanto\/","name":"Tietosuojak\u00e4yt\u00e4nt\u00f6 - Arco Transport","isPartOf":{"@id":"https:\/\/arcotransport.ee\/#website"},"datePublished":"2021-06-30T09:03:16+00:00","dateModified":"2025-04-30T10:29:34+00:00","breadcrumb":{"@id":"https:\/\/arcotransport.ee\/fi\/tietosuojakaytanto\/#breadcrumb"},"inLanguage":"fi","potentialAction":[{"@type":"ReadAction","target":["https:\/\/arcotransport.ee\/fi\/tietosuojakaytanto\/"]}]},{"@type":"BreadcrumbList","@id":"https:\/\/arcotransport.ee\/fi\/tietosuojakaytanto\/#breadcrumb","itemListElement":[{"@type":"ListItem","position":1,"name":"Home","item":"https:\/\/arcotransport.ee\/fi\/"},{"@type":"ListItem","position":2,"name":"Tietosuojak\u00e4yt\u00e4nt\u00f6"}]},{"@type":"WebSite","@id":"https:\/\/arcotransport.ee\/#website","url":"https:\/\/arcotransport.ee\/","name":"Arco Transport","description":"Rahvusvaheline transport uksest-ukseni","potentialAction":[{"@type":"SearchAction","target":{"@type":"EntryPoint","urlTemplate":"https:\/\/arcotransport.ee\/?s={search_term_string}"},"query-input":{"@type":"PropertyValueSpecification","valueRequired":true,"valueName":"search_term_string"}}],"inLanguage":"fi"}]}},"_links":{"self":[{"href":"https:\/\/arcotransport.ee\/fi\/wp-json\/wp\/v2\/pages\/2306","targetHints":{"allow":["GET"]}}],"collection":[{"href":"https:\/\/arcotransport.ee\/fi\/wp-json\/wp\/v2\/pages"}],"about":[{"href":"https:\/\/arcotransport.ee\/fi\/wp-json\/wp\/v2\/types\/page"}],"author":[{"embeddable":true,"href":"https:\/\/arcotransport.ee\/fi\/wp-json\/wp\/v2\/users\/1"}],"replies":[{"embeddable":true,"href":"https:\/\/arcotransport.ee\/fi\/wp-json\/wp\/v2\/comments?post=2306"}],"version-history":[{"count":5,"href":"https:\/\/arcotransport.ee\/fi\/wp-json\/wp\/v2\/pages\/2306\/revisions"}],"predecessor-version":[{"id":3710,"href":"https:\/\/arcotransport.ee\/fi\/wp-json\/wp\/v2\/pages\/2306\/revisions\/3710"}],"wp:attachment":[{"href":"https:\/\/arcotransport.ee\/fi\/wp-json\/wp\/v2\/media?parent=2306"}],"curies":[{"name":"wp","href":"https:\/\/api.w.org\/{rel}","templated":true}]}}